{"id":2394,"date":"2024-04-23T19:36:20","date_gmt":"2024-04-23T18:36:20","guid":{"rendered":"https:\/\/sallemajesteuse.com\/services-affilies\/"},"modified":"2024-08-29T13:57:54","modified_gmt":"2024-08-29T12:57:54","slug":"services-affilies","status":"publish","type":"page","link":"https:\/\/sallemajesteuse.com\/fr\/services-affilies\/","title":{"rendered":"Services affili\u00e9s"},"content":{"rendered":"\t\t<div data-elementor-type=\"wp-page\" data-elementor-id=\"2394\" class=\"elementor elementor-2394 elementor-1099\">\n\t\t\t\t<div class=\"elementor-element elementor-element-b18e93b e-flex e-con-boxed e-con e-parent\" data-id=\"b18e93b\" data-element_type=\"container\" data-e-type=\"container\">\n\t\t\t\t\t<div class=\"e-con-inner\">\n\t\t\t\t<div class=\"elementor-element elementor-element-779dd0a elementor-widget elementor-widget-heading\" data-id=\"779dd0a\" data-element_type=\"widget\" data-e-type=\"widget\" data-widget_type=\"heading.default\">\n\t\t\t\t<div class=\"elementor-widget-container\">\n\t\t\t\t\t<h2 class=\"elementor-heading-title elementor-size-default\">Services affili\u00e9s \u00e0 la Salle Majesteuse<\/h2>\t\t\t\t<\/div>\n\t\t\t\t<\/div>\n\t\t\t\t<div class=\"elementor-element elementor-element-32ee427 elementor-widget elementor-widget-text-editor\" data-id=\"32ee427\" data-element_type=\"widget\" data-e-type=\"widget\" data-widget_type=\"text-editor.default\">\n\t\t\t\t<div class=\"elementor-widget-container\">\n\t\t\t\t\t\t\t\t\t<p>La Salle Majesteuse ne se contente pas d&rsquo;offrir un lieu, elle propose une gamme compl\u00e8te de services affili\u00e9s afin de garantir que votre \u00e9v\u00e9nement se d\u00e9roule sans heurt, qu&rsquo;il soit m\u00e9morable et qu&rsquo;il soit totalement d\u00e9pourvu de stress. De la restauration exquise \u00e0 la d\u00e9coration \u00e9l\u00e9gante et au-del\u00e0, d\u00e9couvrez la commodit\u00e9 de notre solution unique pour tous vos besoins en mati\u00e8re d&rsquo;\u00e9v\u00e9nements.<\/p>\n\t\t\t\t\t\t\t\t<\/div>\n\t\t\t\t<\/div>\n\t\t\t\t\t<\/div>\n\t\t\t\t<\/div>\n\t\t<div class=\"elementor-element elementor-element-e061cbb e-flex e-con-boxed e-con e-parent\" data-id=\"e061cbb\" data-element_type=\"container\" data-e-type=\"container\" data-settings=\"{&quot;background_background&quot;:&quot;classic&quot;}\">\n\t\t\t\t\t<div class=\"e-con-inner\">\n\t\t<div class=\"elementor-element elementor-element-99a1f59 e-con-full e-flex e-con e-child\" data-id=\"99a1f59\" data-element_type=\"container\" data-e-type=\"container\">\n\t\t\t\t<div class=\"elementor-element elementor-element-c6258a9 elementor-widget elementor-widget-heading\" data-id=\"c6258a9\" data-element_type=\"widget\" data-e-type=\"widget\" data-widget_type=\"heading.default\">\n\t\t\t\t<div class=\"elementor-widget-container\">\n\t\t\t\t\t<h3 class=\"elementor-heading-title elementor-size-default\">Services de restauration<\/h3>\t\t\t\t<\/div>\n\t\t\t\t<\/div>\n\t\t\t\t<div class=\"elementor-element elementor-element-72fda48 elementor-widget elementor-widget-text-editor\" data-id=\"72fda48\" data-element_type=\"widget\" data-e-type=\"widget\" data-widget_type=\"text-editor.default\">\n\t\t\t\t<div class=\"elementor-widget-container\">\n\t\t\t\t\t\t\t\t\t<p>&#8211; Restauration gastronomique : Faites plaisir \u00e0 vos invit\u00e9s gr\u00e2ce \u00e0 nos options de restauration gastronomique, qui proposent une vari\u00e9t\u00e9 de cuisines pour satisfaire tous les go\u00fbts.<\/p>\n<p>  &#8211; Prix : \u00e0 partir de 4 500 frs CFA par personne.<\/p>\n\t\t\t\t\t\t\t\t<\/div>\n\t\t\t\t<\/div>\n\t\t\t\t<div class=\"elementor-element elementor-element-67a3700 elementor-widget elementor-widget-heading\" data-id=\"67a3700\" data-element_type=\"widget\" data-e-type=\"widget\" data-widget_type=\"heading.default\">\n\t\t\t\t<div class=\"elementor-widget-container\">\n\t\t\t\t\t<h3 class=\"elementor-heading-title elementor-size-default\">Services de divertissement et de DJ<\/h3>\t\t\t\t<\/div>\n\t\t\t\t<\/div>\n\t\t\t\t<div class=\"elementor-element elementor-element-22909a6 elementor-widget elementor-widget-text-editor\" data-id=\"22909a6\" data-element_type=\"widget\" data-e-type=\"widget\" data-widget_type=\"text-editor.default\">\n\t\t\t\t<div class=\"elementor-widget-container\">\n\t\t\t\t\t\t\t\t\t<p>&#8211; DJs et divertissements professionnels : Rehaussez votre \u00e9v\u00e9nement gr\u00e2ce \u00e0 nos services de DJ professionnels et \u00e0 nos options de divertissement, adapt\u00e9s au th\u00e8me et \u00e0 l&rsquo;ambiance de votre \u00e9v\u00e9nement.<\/p>\n<p>  &#8211; Prix : Les services de DJ commencent \u00e0 50 000 frs CFA.<\/p>\n\t\t\t\t\t\t\t\t<\/div>\n\t\t\t\t<\/div>\n\t\t\t\t<\/div>\n\t\t<div class=\"elementor-element elementor-element-e277ad3 e-con-full e-flex e-con e-child\" data-id=\"e277ad3\" data-element_type=\"container\" data-e-type=\"container\">\n\t\t\t\t<div class=\"elementor-element elementor-element-6792f6d elementor-widget elementor-widget-heading\" data-id=\"6792f6d\" data-element_type=\"widget\" data-e-type=\"widget\" data-widget_type=\"heading.default\">\n\t\t\t\t<div class=\"elementor-widget-container\">\n\t\t\t\t\t<h3 class=\"elementor-heading-title elementor-size-default\">Services de lavage de voitures<\/h3>\t\t\t\t<\/div>\n\t\t\t\t<\/div>\n\t\t\t\t<div class=\"elementor-element elementor-element-f8a8568 elementor-widget elementor-widget-text-editor\" data-id=\"f8a8568\" data-element_type=\"widget\" data-e-type=\"widget\" data-widget_type=\"text-editor.default\">\n\t\t\t\t<div class=\"elementor-widget-container\">\n\t\t\t\t\t\t\t\t\t<p>&#8211; <a href=\"https:\/\/sallemajesteuse.com\/fr\/services\/\">Services pratiques<\/a> : Offrez \u00e0 vos invit\u00e9s le luxe d&rsquo;un service de lavage de voitures pendant qu&rsquo;ils profitent de votre \u00e9v\u00e9nement, en veillant \u00e0 ce qu&rsquo;ils repartent avec leur v\u00e9hicule aussi rafra\u00eechi qu&rsquo;eux.<\/p><p>&#8211; Prix : 1 500 frs CFA par v\u00e9hicule.<\/p>\t\t\t\t\t\t\t\t<\/div>\n\t\t\t\t<\/div>\n\t\t\t\t<div class=\"elementor-element elementor-element-de81afa elementor-widget elementor-widget-heading\" data-id=\"de81afa\" data-element_type=\"widget\" data-e-type=\"widget\" data-widget_type=\"heading.default\">\n\t\t\t\t<div class=\"elementor-widget-container\">\n\t\t\t\t\t<h3 class=\"elementor-heading-title elementor-size-default\">Location de vacances<\/h3>\t\t\t\t<\/div>\n\t\t\t\t<\/div>\n\t\t\t\t<div class=\"elementor-element elementor-element-52bfbcf elementor-widget elementor-widget-text-editor\" data-id=\"52bfbcf\" data-element_type=\"widget\" data-e-type=\"widget\" data-widget_type=\"text-editor.default\">\n\t\t\t\t<div class=\"elementor-widget-container\">\n\t\t\t\t\t\t\t\t\t<p>&#8211; H\u00e9bergements exclusifs : Profitez de nos partenariats exclusifs avec des agences de location de vacances, qui vous proposent des tarifs r\u00e9duits pour vous et vos invit\u00e9s.<\/p>\n<p>  &#8211; Tarifs : Remises pouvant aller jusqu&rsquo;\u00e0 20 % sur les tarifs standards.<\/p>\n\t\t\t\t\t\t\t\t<\/div>\n\t\t\t\t<\/div>\n\t\t\t\t<\/div>\n\t\t\t\t\t<\/div>\n\t\t\t\t<\/div>\n\t\t<div class=\"elementor-element elementor-element-a131111 e-flex e-con-boxed e-con e-parent\" data-id=\"a131111\" data-element_type=\"container\" data-e-type=\"container\">\n\t\t\t\t\t<div class=\"e-con-inner\">\n\t\t\t\t<div class=\"elementor-element elementor-element-4016a0a elementor-widget elementor-widget-text-editor\" data-id=\"4016a0a\" data-element_type=\"widget\" data-e-type=\"widget\" data-widget_type=\"text-editor.default\">\n\t\t\t\t<div class=\"elementor-widget-container\">\n\t\t\t\t\t\t\t\t\t<p>\u00c0 la Salle Majesteuse, nous nous effor\u00e7ons de rendre le processus d&rsquo;organisation de votre \u00e9v\u00e9nement aussi facile et agr\u00e9able que possible. <a href=\"https:\/\/sallemajesteuse.com\/fr\/contact\/\">Contactez-nous<\/a> pour en savoir plus sur nos services affili\u00e9s et sur la mani\u00e8re dont nous pouvons les adapter \u00e0 vos besoins sp\u00e9cifiques.<\/p>\t\t\t\t\t\t\t\t<\/div>\n\t\t\t\t<\/div>\n\t\t\t\t\t<\/div>\n\t\t\t\t<\/div>\n\t\t\t\t<\/div>\n\t\t","protected":false},"excerpt":{"rendered":"<p>Services affili\u00e9s \u00e0 la Salle Majesteuse La Salle Majesteuse ne se contente pas d&rsquo;offrir un lieu, elle propose une gamme compl\u00e8te de services affili\u00e9s afin de garantir que votre \u00e9v\u00e9nement se d\u00e9roule sans heurt, qu&rsquo;il soit m\u00e9morable et qu&rsquo;il soit totalement d\u00e9pourvu de stress. De la restauration exquise \u00e0 la d\u00e9coration \u00e9l\u00e9gante et au-del\u00e0, d\u00e9couvrez&hellip;&nbsp;<a href=\"https:\/\/sallemajesteuse.com\/fr\/services-affilies\/\" class=\"\" rel=\"bookmark\">Lire la suite &raquo;<span class=\"screen-reader-text\">Services affili\u00e9s<\/span><\/a><\/p>\n","protected":false},"author":248535071,"featured_media":0,"parent":0,"menu_order":0,"comment_status":"closed","ping_status":"closed","template":"","meta":{"_uag_custom_page_level_css":"","neve_meta_sidebar":"","neve_meta_container":"","neve_meta_enable_content_width":"","neve_meta_content_width":0,"neve_meta_title_alignment":"","neve_meta_author_avatar":"","neve_post_elements_order":"","neve_meta_disable_header":"","neve_meta_disable_footer":"","neve_meta_disable_title":"","footnotes":""},"class_list":["post-2394","page","type-page","status-publish","hentry"],"yoast_head":"<!-- This site is optimized with the Yoast SEO plugin v27.5 - https:\/\/yoast.com\/product\/yoast-seo-wordpress\/ -->\n<title>Services affili\u00e9s - Book Luxury Event Venues in Yaound\u00e9: Weddings, Parties, Conferences \u2013 Salle Majesteuse<\/title>\n<meta name=\"robots\" content=\"index, follow, max-snippet:-1, max-image-preview:large, max-video-preview:-1\" \/>\n<link rel=\"canonical\" href=\"https:\/\/sallemajesteuse.com\/affiliated-services\/\" \/>\n<meta property=\"og:locale\" content=\"fr_FR\" \/>\n<meta property=\"og:type\" content=\"article\" \/>\n<meta property=\"og:title\" content=\"Services affili\u00e9s - Book Luxury Event Venues in Yaound\u00e9: Weddings, Parties, Conferences \u2013 Salle Majesteuse\" \/>\n<meta property=\"og:description\" content=\"Services affili\u00e9s \u00e0 la Salle Majesteuse La Salle Majesteuse ne se contente pas d&rsquo;offrir un lieu, elle propose une gamme compl\u00e8te de services affili\u00e9s afin de garantir que votre \u00e9v\u00e9nement se d\u00e9roule sans heurt, qu&rsquo;il soit m\u00e9morable et qu&rsquo;il soit totalement d\u00e9pourvu de stress. De la restauration exquise \u00e0 la d\u00e9coration \u00e9l\u00e9gante et au-del\u00e0, d\u00e9couvrez&hellip;&nbsp;Lire la suite &raquo;Services affili\u00e9s\" \/>\n<meta property=\"og:url\" content=\"https:\/\/sallemajesteuse.com\/affiliated-services\/\" \/>\n<meta property=\"og:site_name\" content=\"Book Luxury Event Venues in Yaound\u00e9: Weddings, Parties, Conferences \u2013 Salle Majesteuse\" \/>\n<meta property=\"article:modified_time\" content=\"2024-08-29T12:57:54+00:00\" \/>\n<meta name=\"twitter:card\" content=\"summary_large_image\" \/>\n<meta name=\"twitter:label1\" content=\"Dur\u00e9e de lecture estim\u00e9e\" \/>\n\t<meta name=\"twitter:data1\" content=\"2 minutes\" \/>\n<script type=\"application\/ld+json\" class=\"yoast-schema-graph\">{\"@context\":\"https:\\\/\\\/schema.org\",\"@graph\":[{\"@type\":\"WebPage\",\"@id\":\"https:\\\/\\\/sallemajesteuse.com\\\/affiliated-services\\\/\",\"url\":\"https:\\\/\\\/sallemajesteuse.com\\\/affiliated-services\\\/\",\"name\":\"Services affili\u00e9s - Book Luxury Event Venues in Yaound\u00e9: Weddings, Parties, Conferences \u2013 Salle Majesteuse\",\"isPartOf\":{\"@id\":\"https:\\\/\\\/sallemajesteuse.com\\\/#website\"},\"datePublished\":\"2024-04-23T18:36:20+00:00\",\"dateModified\":\"2024-08-29T12:57:54+00:00\",\"breadcrumb\":{\"@id\":\"https:\\\/\\\/sallemajesteuse.com\\\/affiliated-services\\\/#breadcrumb\"},\"inLanguage\":\"fr-FR\",\"potentialAction\":[{\"@type\":\"ReadAction\",\"target\":[\"https:\\\/\\\/sallemajesteuse.com\\\/affiliated-services\\\/\"]}]},{\"@type\":\"BreadcrumbList\",\"@id\":\"https:\\\/\\\/sallemajesteuse.com\\\/affiliated-services\\\/#breadcrumb\",\"itemListElement\":[{\"@type\":\"ListItem\",\"position\":1,\"name\":\"Home\",\"item\":\"https:\\\/\\\/sallemajesteuse.com\\\/\"},{\"@type\":\"ListItem\",\"position\":2,\"name\":\"Services affili\u00e9s\"}]},{\"@type\":\"WebSite\",\"@id\":\"https:\\\/\\\/sallemajesteuse.com\\\/#website\",\"url\":\"https:\\\/\\\/sallemajesteuse.com\\\/\",\"name\":\"Salle Majesteuse\",\"description\":\"Plan your next event at Salle Majesteuse, the top event space in Yaound\u00e9. From weddings to corporate retreats, we have you covered.\",\"publisher\":{\"@id\":\"https:\\\/\\\/sallemajesteuse.com\\\/#organization\"},\"potentialAction\":[{\"@type\":\"SearchAction\",\"target\":{\"@type\":\"EntryPoint\",\"urlTemplate\":\"https:\\\/\\\/sallemajesteuse.com\\\/?s={search_term_string}\"},\"query-input\":{\"@type\":\"PropertyValueSpecification\",\"valueRequired\":true,\"valueName\":\"search_term_string\"}}],\"inLanguage\":\"fr-FR\"},{\"@type\":\"Organization\",\"@id\":\"https:\\\/\\\/sallemajesteuse.com\\\/#organization\",\"name\":\"Salle Majesteuse\",\"url\":\"https:\\\/\\\/sallemajesteuse.com\\\/\",\"logo\":{\"@type\":\"ImageObject\",\"inLanguage\":\"fr-FR\",\"@id\":\"https:\\\/\\\/sallemajesteuse.com\\\/#\\\/schema\\\/logo\\\/image\\\/\",\"url\":\"https:\\\/\\\/i0.wp.com\\\/sallemajesteuse.com\\\/wp-content\\\/uploads\\\/2024\\\/05\\\/cropped-Salle-Majesteuse-Logo-Without-Background-3.png?fit=149%2C156&ssl=1\",\"contentUrl\":\"https:\\\/\\\/i0.wp.com\\\/sallemajesteuse.com\\\/wp-content\\\/uploads\\\/2024\\\/05\\\/cropped-Salle-Majesteuse-Logo-Without-Background-3.png?fit=149%2C156&ssl=1\",\"width\":149,\"height\":156,\"caption\":\"Salle Majesteuse\"},\"image\":{\"@id\":\"https:\\\/\\\/sallemajesteuse.com\\\/#\\\/schema\\\/logo\\\/image\\\/\"}}]}<\/script>\n<!-- \/ Yoast SEO plugin. -->","yoast_head_json":{"title":"Services affili\u00e9s - Book Luxury Event Venues in Yaound\u00e9: Weddings, Parties, Conferences \u2013 Salle Majesteuse","robots":{"index":"index","follow":"follow","max-snippet":"max-snippet:-1","max-image-preview":"max-image-preview:large","max-video-preview":"max-video-preview:-1"},"canonical":"https:\/\/sallemajesteuse.com\/affiliated-services\/","og_locale":"fr_FR","og_type":"article","og_title":"Services affili\u00e9s - Book Luxury Event Venues in Yaound\u00e9: Weddings, Parties, Conferences \u2013 Salle Majesteuse","og_description":"Services affili\u00e9s \u00e0 la Salle Majesteuse La Salle Majesteuse ne se contente pas d&rsquo;offrir un lieu, elle propose une gamme compl\u00e8te de services affili\u00e9s afin de garantir que votre \u00e9v\u00e9nement se d\u00e9roule sans heurt, qu&rsquo;il soit m\u00e9morable et qu&rsquo;il soit totalement d\u00e9pourvu de stress. De la restauration exquise \u00e0 la d\u00e9coration \u00e9l\u00e9gante et au-del\u00e0, d\u00e9couvrez&hellip;&nbsp;Lire la suite &raquo;Services affili\u00e9s","og_url":"https:\/\/sallemajesteuse.com\/affiliated-services\/","og_site_name":"Book Luxury Event Venues in Yaound\u00e9: Weddings, Parties, Conferences \u2013 Salle Majesteuse","article_modified_time":"2024-08-29T12:57:54+00:00","twitter_card":"summary_large_image","twitter_misc":{"Dur\u00e9e de lecture estim\u00e9e":"2 minutes"},"schema":{"@context":"https:\/\/schema.org","@graph":[{"@type":"WebPage","@id":"https:\/\/sallemajesteuse.com\/affiliated-services\/","url":"https:\/\/sallemajesteuse.com\/affiliated-services\/","name":"Services affili\u00e9s - Book Luxury Event Venues in Yaound\u00e9: Weddings, Parties, Conferences \u2013 Salle Majesteuse","isPartOf":{"@id":"https:\/\/sallemajesteuse.com\/#website"},"datePublished":"2024-04-23T18:36:20+00:00","dateModified":"2024-08-29T12:57:54+00:00","breadcrumb":{"@id":"https:\/\/sallemajesteuse.com\/affiliated-services\/#breadcrumb"},"inLanguage":"fr-FR","potentialAction":[{"@type":"ReadAction","target":["https:\/\/sallemajesteuse.com\/affiliated-services\/"]}]},{"@type":"BreadcrumbList","@id":"https:\/\/sallemajesteuse.com\/affiliated-services\/#breadcrumb","itemListElement":[{"@type":"ListItem","position":1,"name":"Home","item":"https:\/\/sallemajesteuse.com\/"},{"@type":"ListItem","position":2,"name":"Services affili\u00e9s"}]},{"@type":"WebSite","@id":"https:\/\/sallemajesteuse.com\/#website","url":"https:\/\/sallemajesteuse.com\/","name":"Salle Majesteuse","description":"Plan your next event at Salle Majesteuse, the top event space in Yaound\u00e9. From weddings to corporate retreats, we have you covered.","publisher":{"@id":"https:\/\/sallemajesteuse.com\/#organization"},"potentialAction":[{"@type":"SearchAction","target":{"@type":"EntryPoint","urlTemplate":"https:\/\/sallemajesteuse.com\/?s={search_term_string}"},"query-input":{"@type":"PropertyValueSpecification","valueRequired":true,"valueName":"search_term_string"}}],"inLanguage":"fr-FR"},{"@type":"Organization","@id":"https:\/\/sallemajesteuse.com\/#organization","name":"Salle Majesteuse","url":"https:\/\/sallemajesteuse.com\/","logo":{"@type":"ImageObject","inLanguage":"fr-FR","@id":"https:\/\/sallemajesteuse.com\/#\/schema\/logo\/image\/","url":"https:\/\/i0.wp.com\/sallemajesteuse.com\/wp-content\/uploads\/2024\/05\/cropped-Salle-Majesteuse-Logo-Without-Background-3.png?fit=149%2C156&ssl=1","contentUrl":"https:\/\/i0.wp.com\/sallemajesteuse.com\/wp-content\/uploads\/2024\/05\/cropped-Salle-Majesteuse-Logo-Without-Background-3.png?fit=149%2C156&ssl=1","width":149,"height":156,"caption":"Salle Majesteuse"},"image":{"@id":"https:\/\/sallemajesteuse.com\/#\/schema\/logo\/image\/"}}]}},"uagb_featured_image_src":{"full":false,"thumbnail":false,"medium":false,"medium_large":false,"large":false,"1536x1536":false,"2048x2048":false,"newspack-article-block-landscape-large":false,"newspack-article-block-portrait-large":false,"newspack-article-block-square-large":false,"newspack-article-block-landscape-medium":false,"newspack-article-block-portrait-medium":false,"newspack-article-block-square-medium":false,"newspack-article-block-landscape-intermediate":false,"newspack-article-block-portrait-intermediate":false,"newspack-article-block-square-intermediate":false,"newspack-article-block-landscape-small":false,"newspack-article-block-portrait-small":false,"newspack-article-block-square-small":false,"newspack-article-block-landscape-tiny":false,"newspack-article-block-portrait-tiny":false,"newspack-article-block-square-tiny":false,"newspack-article-block-uncropped":false,"neve-blog":false},"uagb_author_info":{"display_name":"daryltanis7","author_link":"https:\/\/sallemajesteuse.com\/fr\/author\/daryltanis7\/"},"uagb_comment_info":0,"uagb_excerpt":"Services affili\u00e9s \u00e0 la Salle Majesteuse La Salle Majesteuse ne se contente pas d&rsquo;offrir un lieu, elle propose une gamme compl\u00e8te de services affili\u00e9s afin de garantir que votre \u00e9v\u00e9nement se d\u00e9roule sans heurt, qu&rsquo;il soit m\u00e9morable et qu&rsquo;il soit totalement d\u00e9pourvu de stress. De la restauration exquise \u00e0 la d\u00e9coration \u00e9l\u00e9gante et au-del\u00e0, d\u00e9couvrez&hellip;&nbsp;Lire\u2026","jetpack_likes_enabled":true,"jetpack_sharing_enabled":true,"jetpack_shortlink":"https:\/\/wp.me\/PfEGRf-CC","jetpack-related-posts":[],"_links":{"self":[{"href":"https:\/\/sallemajesteuse.com\/fr\/wp-json\/wp\/v2\/pages\/2394","targetHints":{"allow":["GET"]}}],"collection":[{"href":"https:\/\/sallemajesteuse.com\/fr\/wp-json\/wp\/v2\/pages"}],"about":[{"href":"https:\/\/sallemajesteuse.com\/fr\/wp-json\/wp\/v2\/types\/page"}],"author":[{"embeddable":true,"href":"https:\/\/sallemajesteuse.com\/fr\/wp-json\/wp\/v2\/users\/248535071"}],"replies":[{"embeddable":true,"href":"https:\/\/sallemajesteuse.com\/fr\/wp-json\/wp\/v2\/comments?post=2394"}],"version-history":[{"count":5,"href":"https:\/\/sallemajesteuse.com\/fr\/wp-json\/wp\/v2\/pages\/2394\/revisions"}],"predecessor-version":[{"id":3352,"href":"https:\/\/sallemajesteuse.com\/fr\/wp-json\/wp\/v2\/pages\/2394\/revisions\/3352"}],"wp:attachment":[{"href":"https:\/\/sallemajesteuse.com\/fr\/wp-json\/wp\/v2\/media?parent=2394"}],"curies":[{"name":"wp","href":"https:\/\/api.w.org\/{rel}","templated":true}]}}