{"id":2399,"date":"2024-04-21T22:50:05","date_gmt":"2024-04-21T21:50:05","guid":{"rendered":"https:\/\/sallemajesteuse.com\/installations\/"},"modified":"2024-09-30T13:42:05","modified_gmt":"2024-09-30T12:42:05","slug":"installations","status":"publish","type":"page","link":"https:\/\/sallemajesteuse.com\/fr\/installations\/","title":{"rendered":"Installations"},"content":{"rendered":"\t\t<div data-elementor-type=\"wp-page\" data-elementor-id=\"2399\" class=\"elementor elementor-2399 elementor-886\">\n\t\t\t\t<div class=\"elementor-element elementor-element-d362485 e-flex e-con-boxed e-con e-parent\" data-id=\"d362485\" data-element_type=\"container\" data-e-type=\"container\" data-settings=\"{&quot;background_background&quot;:&quot;classic&quot;}\">\n\t\t\t\t\t<div class=\"e-con-inner\">\n\t\t\t\t<div class=\"elementor-element elementor-element-a38db35 elementor-widget elementor-widget-heading\" data-id=\"a38db35\" data-element_type=\"widget\" data-e-type=\"widget\" data-widget_type=\"heading.default\">\n\t\t\t\t<div class=\"elementor-widget-container\">\n\t\t\t\t\t<h1 class=\"elementor-heading-title elementor-size-default\">Nos installations<\/h1>\t\t\t\t<\/div>\n\t\t\t\t<\/div>\n\t\t\t\t<div class=\"elementor-element elementor-element-5d0adbf elementor-widget elementor-widget-text-editor\" data-id=\"5d0adbf\" data-element_type=\"widget\" data-e-type=\"widget\" data-widget_type=\"text-editor.default\">\n\t\t\t\t<div class=\"elementor-widget-container\">\n\t\t\t\t\t\t\t\t\t<p>Bienvenue \u00e0 la premi\u00e8re destination pour vos \u00e9v\u00e9nements \u00e0 Yaound\u00e9, Cameroun &#8211; Salle Majesteuse. Nos installations sont con\u00e7ues dans un esprit de sophistication et de polyvalence, afin que chaque occasion, des r\u00e9unions les plus intimes aux grandes c\u00e9l\u00e9brations, soit tout simplement majestueuse.<\/p>\n\t\t\t\t\t\t\t\t<\/div>\n\t\t\t\t<\/div>\n\t\t\t\t\t<\/div>\n\t\t\t\t<\/div>\n\t\t<div class=\"elementor-element elementor-element-367494c7 e-flex e-con-boxed e-con e-parent\" data-id=\"367494c7\" data-element_type=\"container\" data-e-type=\"container\" data-settings=\"{&quot;background_background&quot;:&quot;classic&quot;}\">\n\t\t\t\t\t<div class=\"e-con-inner\">\n\t\t<div class=\"elementor-element elementor-element-1f982b18 e-con-full e-flex e-con e-child\" data-id=\"1f982b18\" data-element_type=\"container\" data-e-type=\"container\" data-settings=\"{&quot;background_background&quot;:&quot;classic&quot;}\">\n\t\t\t\t<div class=\"elementor-element elementor-element-24c20bd8 elementor-align-start elementor-icon-list--layout-inline elementor-list-item-link-full_width elementor-widget elementor-widget-icon-list\" data-id=\"24c20bd8\" data-element_type=\"widget\" data-e-type=\"widget\" data-widget_type=\"icon-list.default\">\n\t\t\t\t<div class=\"elementor-widget-container\">\n\t\t\t\t\t\t\t<ul class=\"elementor-icon-list-items elementor-inline-items\">\n\t\t\t\t\t\t\t<li class=\"elementor-icon-list-item elementor-inline-item\">\n\t\t\t\t\t\t\t\t\t\t<span class=\"elementor-icon-list-text\"><b>Salle principale<\/b><\/span>\n\t\t\t\t\t\t\t\t\t<\/li>\n\t\t\t\t\t\t\t\t<li class=\"elementor-icon-list-item elementor-inline-item\">\n\t\t\t\t\t\t\t\t\t\t\t<span class=\"elementor-icon-list-icon\">\n\t\t\t\t\t\t\t<svg aria-hidden=\"true\" class=\"e-font-icon-svg e-far-circle\" viewBox=\"0 0 512 512\" xmlns=\"http:\/\/www.w3.org\/2000\/svg\"><path d=\"M256 8C119 8 8 119 8 256s111 248 248 248 248-111 248-248S393 8 256 8zm0 448c-110.5 0-200-89.5-200-200S145.5 56 256 56s200 89.5 200 200-89.5 200-200 200z\"><\/path><\/svg>\t\t\t\t\t\t<\/span>\n\t\t\t\t\t\t\t\t\t\t<span class=\"elementor-icon-list-text\">Capacit\u00e9 d'accueil : Le b\u00e2timent peut accueillir confortablement jusqu'\u00e0 350 personnes, ce qui en fait un lieu id\u00e9al pour les mariages, les conf\u00e9rences et les \u00e9v\u00e9nements de grande envergure.<\/span>\n\t\t\t\t\t\t\t\t\t<\/li>\n\t\t\t\t\t\t\t\t<li class=\"elementor-icon-list-item elementor-inline-item\">\n\t\t\t\t\t\t\t\t\t\t\t<span class=\"elementor-icon-list-icon\">\n\t\t\t\t\t\t\t<svg aria-hidden=\"true\" class=\"e-font-icon-svg e-far-circle\" viewBox=\"0 0 512 512\" xmlns=\"http:\/\/www.w3.org\/2000\/svg\"><path d=\"M256 8C119 8 8 119 8 256s111 248 248 248 248-111 248-248S393 8 256 8zm0 448c-110.5 0-200-89.5-200-200S145.5 56 256 56s200 89.5 200 200-89.5 200-200 200z\"><\/path><\/svg>\t\t\t\t\t\t<\/span>\n\t\t\t\t\t\t\t\t\t\t<span class=\"elementor-icon-list-text\">Caract\u00e9ristiques : \u00c9quip\u00e9e de syst\u00e8mes d'\u00e9clairage et de sonorisation de pointe, notre salle principale peut \u00eatre personnalis\u00e9e pour s'adapter au th\u00e8me et au style de votre \u00e9v\u00e9nement.<\/span>\n\t\t\t\t\t\t\t\t\t<\/li>\n\t\t\t\t\t\t\t\t<li class=\"elementor-icon-list-item elementor-inline-item\">\n\t\t\t\t\t\t\t\t\t\t<span class=\"elementor-icon-list-text\"><b>Terrasse ext\u00e9rieure &amp;<\/b> <b>Patio<\/b><\/span>\n\t\t\t\t\t\t\t\t\t<\/li>\n\t\t\t\t\t\t\t\t<li class=\"elementor-icon-list-item elementor-inline-item\">\n\t\t\t\t\t\t\t\t\t\t\t<span class=\"elementor-icon-list-icon\">\n\t\t\t\t\t\t\t<svg aria-hidden=\"true\" class=\"e-font-icon-svg e-far-circle\" viewBox=\"0 0 512 512\" xmlns=\"http:\/\/www.w3.org\/2000\/svg\"><path d=\"M256 8C119 8 8 119 8 256s111 248 248 248 248-111 248-248S393 8 256 8zm0 448c-110.5 0-200-89.5-200-200S145.5 56 256 56s200 89.5 200 200-89.5 200-200 200z\"><\/path><\/svg>\t\t\t\t\t\t<\/span>\n\t\t\t\t\t\t\t\t\t\t<span class=\"elementor-icon-list-text\">Capacit\u00e9 : Ce cadre rafra\u00eechissant en plein air peut accueillir jusqu'\u00e0 300 personnes, ce qui est id\u00e9al pour les r\u00e9ceptions, les cocktails et les c\u00e9r\u00e9monies en plein air.<\/span>\n\t\t\t\t\t\t\t\t\t<\/li>\n\t\t\t\t\t\t\t\t<li class=\"elementor-icon-list-item elementor-inline-item\">\n\t\t\t\t\t\t\t\t\t\t\t<span class=\"elementor-icon-list-icon\">\n\t\t\t\t\t\t\t<svg aria-hidden=\"true\" class=\"e-font-icon-svg e-far-circle\" viewBox=\"0 0 512 512\" xmlns=\"http:\/\/www.w3.org\/2000\/svg\"><path d=\"M256 8C119 8 8 119 8 256s111 248 248 248 248-111 248-248S393 8 256 8zm0 448c-110.5 0-200-89.5-200-200S145.5 56 256 56s200 89.5 200 200-89.5 200-200 200z\"><\/path><\/svg>\t\t\t\t\t\t<\/span>\n\t\t\t\t\t\t\t\t\t\t<span class=\"elementor-icon-list-text\">Caract\u00e9ristiques : Entour\u00e9s d'une v\u00e9g\u00e9tation luxuriante, la terrasse et le patio offrent une toile de fond magnifique pour vos \u00e9v\u00e9nements, avec un \u00e9clairage d'ambiance pour les r\u00e9ceptions en soir\u00e9e.<\/span>\n\t\t\t\t\t\t\t\t\t<\/li>\n\t\t\t\t\t\t\t\t<li class=\"elementor-icon-list-item elementor-inline-item\">\n\t\t\t\t\t\t\t\t\t\t<span class=\"elementor-icon-list-text\"><b>Salon VIP\/cuisine<\/b><\/span>\n\t\t\t\t\t\t\t\t\t<\/li>\n\t\t\t\t\t\t\t\t<li class=\"elementor-icon-list-item elementor-inline-item\">\n\t\t\t\t\t\t\t\t\t\t\t<span class=\"elementor-icon-list-icon\">\n\t\t\t\t\t\t\t<svg aria-hidden=\"true\" class=\"e-font-icon-svg e-far-circle\" viewBox=\"0 0 512 512\" xmlns=\"http:\/\/www.w3.org\/2000\/svg\"><path d=\"M256 8C119 8 8 119 8 256s111 248 248 248 248-111 248-248S393 8 256 8zm0 448c-110.5 0-200-89.5-200-200S145.5 56 256 56s200 89.5 200 200-89.5 200-200 200z\"><\/path><\/svg>\t\t\t\t\t\t<\/span>\n\t\t\t\t\t\t\t\t\t\t<span class=\"elementor-icon-list-text\">Flexibilit\u00e9 : Cette salle priv\u00e9e peut servir \u00e0 la fois d'espace VIP exclusif et de cuisine enti\u00e8rement \u00e9quip\u00e9e, en fonction de vos besoins.<\/span>\n\t\t\t\t\t\t\t\t\t<\/li>\n\t\t\t\t\t\t\t\t<li class=\"elementor-icon-list-item elementor-inline-item\">\n\t\t\t\t\t\t\t\t\t\t\t<span class=\"elementor-icon-list-icon\">\n\t\t\t\t\t\t\t<svg aria-hidden=\"true\" class=\"e-font-icon-svg e-far-circle\" viewBox=\"0 0 512 512\" xmlns=\"http:\/\/www.w3.org\/2000\/svg\"><path d=\"M256 8C119 8 8 119 8 256s111 248 248 248 248-111 248-248S393 8 256 8zm0 448c-110.5 0-200-89.5-200-200S145.5 56 256 56s200 89.5 200 200-89.5 200-200 200z\"><\/path><\/svg>\t\t\t\t\t\t<\/span>\n\t\t\t\t\t\t\t\t\t\t<span class=\"elementor-icon-list-text\">Am\u00e9nagements : Meubl\u00e9 pour offrir confort et luxe, c'est l'espace id\u00e9al pour les invit\u00e9s sp\u00e9ciaux ou pour la pr\u00e9paration d'un repas.<\/span>\n\t\t\t\t\t\t\t\t\t<\/li>\n\t\t\t\t\t\t\t\t<li class=\"elementor-icon-list-item elementor-inline-item\">\n\t\t\t\t\t\t\t\t\t\t<span class=\"elementor-icon-list-text\"><b>Technologie et divertissement<\/b><\/span>\n\t\t\t\t\t\t\t\t\t<\/li>\n\t\t\t\t\t\t\t\t<li class=\"elementor-icon-list-item elementor-inline-item\">\n\t\t\t\t\t\t\t\t\t\t\t<span class=\"elementor-icon-list-icon\">\n\t\t\t\t\t\t\t<svg aria-hidden=\"true\" class=\"e-font-icon-svg e-far-circle\" viewBox=\"0 0 512 512\" xmlns=\"http:\/\/www.w3.org\/2000\/svg\"><path d=\"M256 8C119 8 8 119 8 256s111 248 248 248 248-111 248-248S393 8 256 8zm0 448c-110.5 0-200-89.5-200-200S145.5 56 256 56s200 89.5 200 200-89.5 200-200 200z\"><\/path><\/svg>\t\t\t\t\t\t<\/span>\n\t\t\t\t\t\t\t\t\t\t<span class=\"elementor-icon-list-text\">Connectivit\u00e9 : L'acc\u00e8s \u00e0 l'internet \u00e0 haut d\u00e9bit dans l'ensemble de l'\u00e9tablissement permet de partager instantan\u00e9ment tous les moments.<\/span>\n\t\t\t\t\t\t\t\t\t<\/li>\n\t\t\t\t\t\t\t\t<li class=\"elementor-icon-list-item elementor-inline-item\">\n\t\t\t\t\t\t\t\t\t\t\t<span class=\"elementor-icon-list-icon\">\n\t\t\t\t\t\t\t<svg aria-hidden=\"true\" class=\"e-font-icon-svg e-far-circle\" viewBox=\"0 0 512 512\" xmlns=\"http:\/\/www.w3.org\/2000\/svg\"><path d=\"M256 8C119 8 8 119 8 256s111 248 248 248 248-111 248-248S393 8 256 8zm0 448c-110.5 0-200-89.5-200-200S145.5 56 256 56s200 89.5 200 200-89.5 200-200 200z\"><\/path><\/svg>\t\t\t\t\t\t<\/span>\n\t\t\t\t\t\t\t\t\t\t<span class=\"elementor-icon-list-text\">Audiovisuel : Avec des syst\u00e8mes de sonorisation int\u00e9gr\u00e9s et des \u00e9crans de t\u00e9l\u00e9vision, la salle est pr\u00eate pour toute pr\u00e9sentation ou tout divertissement.<\/span>\n\t\t\t\t\t\t\t\t\t<\/li>\n\t\t\t\t\t\t\t\t<li class=\"elementor-icon-list-item elementor-inline-item\">\n\t\t\t\t\t\t\t\t\t\t<span class=\"elementor-icon-list-text\"><b>Confort et s\u00e9curit\u00e9<\/b><\/span>\n\t\t\t\t\t\t\t\t\t<\/li>\n\t\t\t\t\t\t\t\t<li class=\"elementor-icon-list-item elementor-inline-item\">\n\t\t\t\t\t\t\t\t\t\t\t<span class=\"elementor-icon-list-icon\">\n\t\t\t\t\t\t\t<svg aria-hidden=\"true\" class=\"e-font-icon-svg e-far-circle\" viewBox=\"0 0 512 512\" xmlns=\"http:\/\/www.w3.org\/2000\/svg\"><path d=\"M256 8C119 8 8 119 8 256s111 248 248 248 248-111 248-248S393 8 256 8zm0 448c-110.5 0-200-89.5-200-200S145.5 56 256 56s200 89.5 200 200-89.5 200-200 200z\"><\/path><\/svg>\t\t\t\t\t\t<\/span>\n\t\t\t\t\t\t\t\t\t\t<span class=\"elementor-icon-list-text\">Climatisation : l'ensemble de la salle est \u00e9quip\u00e9 de syst\u00e8mes de climatisation ultramodernes qui assurent le confort de vos invit\u00e9s, quel que soit le temps qu'il fait.<\/span>\n\t\t\t\t\t\t\t\t\t<\/li>\n\t\t\t\t\t\t\t\t<li class=\"elementor-icon-list-item elementor-inline-item\">\n\t\t\t\t\t\t\t\t\t\t\t<span class=\"elementor-icon-list-icon\">\n\t\t\t\t\t\t\t<svg aria-hidden=\"true\" class=\"e-font-icon-svg e-far-circle\" viewBox=\"0 0 512 512\" xmlns=\"http:\/\/www.w3.org\/2000\/svg\"><path d=\"M256 8C119 8 8 119 8 256s111 248 248 248 248-111 248-248S393 8 256 8zm0 448c-110.5 0-200-89.5-200-200S145.5 56 256 56s200 89.5 200 200-89.5 200-200 200z\"><\/path><\/svg>\t\t\t\t\t\t<\/span>\n\t\t\t\t\t\t\t\t\t\t<span class=\"elementor-icon-list-text\">Parking et s\u00e9curit\u00e9 : un vaste parking et des services de s\u00e9curit\u00e9 24 heures sur 24 garantissent votre tranquillit\u00e9 d'esprit et celle de vos invit\u00e9s.<\/span>\n\t\t\t\t\t\t\t\t\t<\/li>\n\t\t\t\t\t\t\t\t<li class=\"elementor-icon-list-item elementor-inline-item\">\n\t\t\t\t\t\t\t\t\t\t<span class=\"elementor-icon-list-text\"><b>Autres commodit\u00e9s<\/b><\/span>\n\t\t\t\t\t\t\t\t\t<\/li>\n\t\t\t\t\t\t\t\t<li class=\"elementor-icon-list-item elementor-inline-item\">\n\t\t\t\t\t\t\t\t\t\t\t<span class=\"elementor-icon-list-icon\">\n\t\t\t\t\t\t\t<svg aria-hidden=\"true\" class=\"e-font-icon-svg e-far-circle\" viewBox=\"0 0 512 512\" xmlns=\"http:\/\/www.w3.org\/2000\/svg\"><path d=\"M256 8C119 8 8 119 8 256s111 248 248 248 248-111 248-248S393 8 256 8zm0 448c-110.5 0-200-89.5-200-200S145.5 56 256 56s200 89.5 200 200-89.5 200-200 200z\"><\/path><\/svg>\t\t\t\t\t\t<\/span>\n\t\t\t\t\t\t\t\t\t\t<span class=\"elementor-icon-list-text\">D\u00e9couvrez la commodit\u00e9 de services suppl\u00e9mentaires, y compris le lavage de voitures pendant les \u00e9v\u00e9nements et des arrangements exclusifs pour la d\u00e9coration et la restauration des \u00e9v\u00e9nements, garantissant une exp\u00e9rience sans faille du d\u00e9but \u00e0 la fin.<\/span>\n\t\t\t\t\t\t\t\t\t<\/li>\n\t\t\t\t\t\t<\/ul>\n\t\t\t\t\t\t<\/div>\n\t\t\t\t<\/div>\n\t\t\t\t<div class=\"elementor-element elementor-element-55536bc elementor-widget elementor-widget-text-editor\" data-id=\"55536bc\" data-element_type=\"widget\" data-e-type=\"widget\" data-widget_type=\"text-editor.default\">\n\t\t\t\t<div class=\"elementor-widget-container\">\n\t\t\t\t\t\t\t\t\t<p class=\"MsoNormal\"><span lang=\"EN-US\">\u00c0 la salle Majesteuse, chaque d\u00e9tail est soigneusement \u00e9tudi\u00e9 pour cr\u00e9er une exp\u00e9rience inoubliable pour vous et vos invit\u00e9s. Explorez les possibilit\u00e9s et laissez-nous rendre votre \u00e9v\u00e9nement vraiment majestueux.<\/span><\/p>\n\t\t\t\t\t\t\t\t<\/div>\n\t\t\t\t<\/div>\n\t\t\t\t<div class=\"elementor-element elementor-element-b66a820 elementor-align-center elementor-widget elementor-widget-button\" data-id=\"b66a820\" data-element_type=\"widget\" data-e-type=\"widget\" data-widget_type=\"button.default\">\n\t\t\t\t<div class=\"elementor-widget-container\">\n\t\t\t\t\t\t\t\t\t<div class=\"elementor-button-wrapper\">\n\t\t\t\t\t<a class=\"elementor-button elementor-button-link elementor-size-sm\" href=\"https:\/\/sallemajesteuse.com\/fr\/reservation\/\">\n\t\t\t\t\t\t<span class=\"elementor-button-content-wrapper\">\n\t\t\t\t\t\t\t\t\t<span class=\"elementor-button-text\">R\u00e9servez d\u00e8s maintenant<\/span>\n\t\t\t\t\t<\/span>\n\t\t\t\t\t<\/a>\n\t\t\t\t<\/div>\n\t\t\t\t\t\t\t\t<\/div>\n\t\t\t\t<\/div>\n\t\t\t\t<\/div>\n\t\t\t\t\t<\/div>\n\t\t\t\t<\/div>\n\t\t\t\t<\/div>\n\t\t","protected":false},"excerpt":{"rendered":"<p>Nos installations Bienvenue \u00e0 la premi\u00e8re destination pour vos \u00e9v\u00e9nements \u00e0 Yaound\u00e9, Cameroun &#8211; Salle Majesteuse. Nos installations sont con\u00e7ues dans un esprit de sophistication et de polyvalence, afin que chaque occasion, des r\u00e9unions les plus intimes aux grandes c\u00e9l\u00e9brations, soit tout simplement majestueuse. Salle principale Capacit\u00e9 d&rsquo;accueil : Le b\u00e2timent peut accueillir confortablement jusqu&rsquo;\u00e0&hellip;&nbsp;<a href=\"https:\/\/sallemajesteuse.com\/fr\/installations\/\" class=\"\" rel=\"bookmark\">Lire la suite &raquo;<span class=\"screen-reader-text\">Installations<\/span><\/a><\/p>\n","protected":false},"author":248535071,"featured_media":0,"parent":0,"menu_order":0,"comment_status":"closed","ping_status":"closed","template":"","meta":{"_uag_custom_page_level_css":"","neve_meta_sidebar":"","neve_meta_container":"","neve_meta_enable_content_width":"","neve_meta_content_width":0,"neve_meta_title_alignment":"","neve_meta_author_avatar":"","neve_post_elements_order":"","neve_meta_disable_header":"","neve_meta_disable_footer":"","neve_meta_disable_title":"","footnotes":""},"class_list":["post-2399","page","type-page","status-publish","hentry"],"yoast_head":"<!-- This site is optimized with the Yoast SEO plugin v27.6 - https:\/\/yoast.com\/product\/yoast-seo-wordpress\/ -->\n<title>Installations - Book Luxury Event Venues in Yaound\u00e9: Weddings, Parties, Conferences \u2013 Salle Majesteuse<\/title>\n<meta name=\"robots\" content=\"index, follow, max-snippet:-1, max-image-preview:large, max-video-preview:-1\" \/>\n<link rel=\"canonical\" href=\"https:\/\/sallemajesteuse.com\/facilities\/\" \/>\n<meta property=\"og:locale\" content=\"fr_FR\" \/>\n<meta property=\"og:type\" content=\"article\" \/>\n<meta property=\"og:title\" content=\"Installations - Book Luxury Event Venues in Yaound\u00e9: Weddings, Parties, Conferences \u2013 Salle Majesteuse\" \/>\n<meta property=\"og:description\" content=\"Nos installations Bienvenue \u00e0 la premi\u00e8re destination pour vos \u00e9v\u00e9nements \u00e0 Yaound\u00e9, Cameroun &#8211; Salle Majesteuse. Nos installations sont con\u00e7ues dans un esprit de sophistication et de polyvalence, afin que chaque occasion, des r\u00e9unions les plus intimes aux grandes c\u00e9l\u00e9brations, soit tout simplement majestueuse. Salle principale Capacit\u00e9 d&rsquo;accueil : Le b\u00e2timent peut accueillir confortablement jusqu&rsquo;\u00e0&hellip;&nbsp;Lire la suite &raquo;Installations\" \/>\n<meta property=\"og:url\" content=\"https:\/\/sallemajesteuse.com\/facilities\/\" \/>\n<meta property=\"og:site_name\" content=\"Book Luxury Event Venues in Yaound\u00e9: Weddings, Parties, Conferences \u2013 Salle Majesteuse\" \/>\n<meta property=\"article:modified_time\" content=\"2024-09-30T12:42:05+00:00\" \/>\n<meta name=\"twitter:card\" content=\"summary_large_image\" \/>\n<meta name=\"twitter:label1\" content=\"Dur\u00e9e de lecture estim\u00e9e\" \/>\n\t<meta name=\"twitter:data1\" content=\"2 minutes\" \/>\n<script type=\"application\/ld+json\" class=\"yoast-schema-graph\">{\"@context\":\"https:\\\/\\\/schema.org\",\"@graph\":[{\"@type\":\"WebPage\",\"@id\":\"https:\\\/\\\/sallemajesteuse.com\\\/facilities\\\/\",\"url\":\"https:\\\/\\\/sallemajesteuse.com\\\/facilities\\\/\",\"name\":\"Installations - Book Luxury Event Venues in Yaound\u00e9: Weddings, Parties, Conferences \u2013 Salle Majesteuse\",\"isPartOf\":{\"@id\":\"https:\\\/\\\/sallemajesteuse.com\\\/#website\"},\"datePublished\":\"2024-04-21T21:50:05+00:00\",\"dateModified\":\"2024-09-30T12:42:05+00:00\",\"breadcrumb\":{\"@id\":\"https:\\\/\\\/sallemajesteuse.com\\\/facilities\\\/#breadcrumb\"},\"inLanguage\":\"fr-FR\",\"potentialAction\":[{\"@type\":\"ReadAction\",\"target\":[\"https:\\\/\\\/sallemajesteuse.com\\\/facilities\\\/\"]}]},{\"@type\":\"BreadcrumbList\",\"@id\":\"https:\\\/\\\/sallemajesteuse.com\\\/facilities\\\/#breadcrumb\",\"itemListElement\":[{\"@type\":\"ListItem\",\"position\":1,\"name\":\"Home\",\"item\":\"https:\\\/\\\/sallemajesteuse.com\\\/\"},{\"@type\":\"ListItem\",\"position\":2,\"name\":\"Installations\"}]},{\"@type\":\"WebSite\",\"@id\":\"https:\\\/\\\/sallemajesteuse.com\\\/#website\",\"url\":\"https:\\\/\\\/sallemajesteuse.com\\\/\",\"name\":\"Salle Majesteuse\",\"description\":\"Plan your next event at Salle Majesteuse, the top event space in Yaound\u00e9. From weddings to corporate retreats, we have you covered.\",\"publisher\":{\"@id\":\"https:\\\/\\\/sallemajesteuse.com\\\/#organization\"},\"potentialAction\":[{\"@type\":\"SearchAction\",\"target\":{\"@type\":\"EntryPoint\",\"urlTemplate\":\"https:\\\/\\\/sallemajesteuse.com\\\/?s={search_term_string}\"},\"query-input\":{\"@type\":\"PropertyValueSpecification\",\"valueRequired\":true,\"valueName\":\"search_term_string\"}}],\"inLanguage\":\"fr-FR\"},{\"@type\":\"Organization\",\"@id\":\"https:\\\/\\\/sallemajesteuse.com\\\/#organization\",\"name\":\"Salle Majesteuse\",\"url\":\"https:\\\/\\\/sallemajesteuse.com\\\/\",\"logo\":{\"@type\":\"ImageObject\",\"inLanguage\":\"fr-FR\",\"@id\":\"https:\\\/\\\/sallemajesteuse.com\\\/#\\\/schema\\\/logo\\\/image\\\/\",\"url\":\"https:\\\/\\\/i0.wp.com\\\/sallemajesteuse.com\\\/wp-content\\\/uploads\\\/2024\\\/05\\\/cropped-Salle-Majesteuse-Logo-Without-Background-3.png?fit=149%2C156&ssl=1\",\"contentUrl\":\"https:\\\/\\\/i0.wp.com\\\/sallemajesteuse.com\\\/wp-content\\\/uploads\\\/2024\\\/05\\\/cropped-Salle-Majesteuse-Logo-Without-Background-3.png?fit=149%2C156&ssl=1\",\"width\":149,\"height\":156,\"caption\":\"Salle Majesteuse\"},\"image\":{\"@id\":\"https:\\\/\\\/sallemajesteuse.com\\\/#\\\/schema\\\/logo\\\/image\\\/\"}}]}<\/script>\n<!-- \/ Yoast SEO plugin. -->","yoast_head_json":{"title":"Installations - Book Luxury Event Venues in Yaound\u00e9: Weddings, Parties, Conferences \u2013 Salle Majesteuse","robots":{"index":"index","follow":"follow","max-snippet":"max-snippet:-1","max-image-preview":"max-image-preview:large","max-video-preview":"max-video-preview:-1"},"canonical":"https:\/\/sallemajesteuse.com\/facilities\/","og_locale":"fr_FR","og_type":"article","og_title":"Installations - Book Luxury Event Venues in Yaound\u00e9: Weddings, Parties, Conferences \u2013 Salle Majesteuse","og_description":"Nos installations Bienvenue \u00e0 la premi\u00e8re destination pour vos \u00e9v\u00e9nements \u00e0 Yaound\u00e9, Cameroun &#8211; Salle Majesteuse. Nos installations sont con\u00e7ues dans un esprit de sophistication et de polyvalence, afin que chaque occasion, des r\u00e9unions les plus intimes aux grandes c\u00e9l\u00e9brations, soit tout simplement majestueuse. Salle principale Capacit\u00e9 d&rsquo;accueil : Le b\u00e2timent peut accueillir confortablement jusqu&rsquo;\u00e0&hellip;&nbsp;Lire la suite &raquo;Installations","og_url":"https:\/\/sallemajesteuse.com\/facilities\/","og_site_name":"Book Luxury Event Venues in Yaound\u00e9: Weddings, Parties, Conferences \u2013 Salle Majesteuse","article_modified_time":"2024-09-30T12:42:05+00:00","twitter_card":"summary_large_image","twitter_misc":{"Dur\u00e9e de lecture estim\u00e9e":"2 minutes"},"schema":{"@context":"https:\/\/schema.org","@graph":[{"@type":"WebPage","@id":"https:\/\/sallemajesteuse.com\/facilities\/","url":"https:\/\/sallemajesteuse.com\/facilities\/","name":"Installations - Book Luxury Event Venues in Yaound\u00e9: Weddings, Parties, Conferences \u2013 Salle Majesteuse","isPartOf":{"@id":"https:\/\/sallemajesteuse.com\/#website"},"datePublished":"2024-04-21T21:50:05+00:00","dateModified":"2024-09-30T12:42:05+00:00","breadcrumb":{"@id":"https:\/\/sallemajesteuse.com\/facilities\/#breadcrumb"},"inLanguage":"fr-FR","potentialAction":[{"@type":"ReadAction","target":["https:\/\/sallemajesteuse.com\/facilities\/"]}]},{"@type":"BreadcrumbList","@id":"https:\/\/sallemajesteuse.com\/facilities\/#breadcrumb","itemListElement":[{"@type":"ListItem","position":1,"name":"Home","item":"https:\/\/sallemajesteuse.com\/"},{"@type":"ListItem","position":2,"name":"Installations"}]},{"@type":"WebSite","@id":"https:\/\/sallemajesteuse.com\/#website","url":"https:\/\/sallemajesteuse.com\/","name":"Salle Majesteuse","description":"Plan your next event at Salle Majesteuse, the top event space in Yaound\u00e9. From weddings to corporate retreats, we have you covered.","publisher":{"@id":"https:\/\/sallemajesteuse.com\/#organization"},"potentialAction":[{"@type":"SearchAction","target":{"@type":"EntryPoint","urlTemplate":"https:\/\/sallemajesteuse.com\/?s={search_term_string}"},"query-input":{"@type":"PropertyValueSpecification","valueRequired":true,"valueName":"search_term_string"}}],"inLanguage":"fr-FR"},{"@type":"Organization","@id":"https:\/\/sallemajesteuse.com\/#organization","name":"Salle Majesteuse","url":"https:\/\/sallemajesteuse.com\/","logo":{"@type":"ImageObject","inLanguage":"fr-FR","@id":"https:\/\/sallemajesteuse.com\/#\/schema\/logo\/image\/","url":"https:\/\/i0.wp.com\/sallemajesteuse.com\/wp-content\/uploads\/2024\/05\/cropped-Salle-Majesteuse-Logo-Without-Background-3.png?fit=149%2C156&ssl=1","contentUrl":"https:\/\/i0.wp.com\/sallemajesteuse.com\/wp-content\/uploads\/2024\/05\/cropped-Salle-Majesteuse-Logo-Without-Background-3.png?fit=149%2C156&ssl=1","width":149,"height":156,"caption":"Salle Majesteuse"},"image":{"@id":"https:\/\/sallemajesteuse.com\/#\/schema\/logo\/image\/"}}]}},"uagb_featured_image_src":{"full":false,"thumbnail":false,"medium":false,"medium_large":false,"large":false,"1536x1536":false,"2048x2048":false,"newspack-article-block-landscape-large":false,"newspack-article-block-portrait-large":false,"newspack-article-block-square-large":false,"newspack-article-block-landscape-medium":false,"newspack-article-block-portrait-medium":false,"newspack-article-block-square-medium":false,"newspack-article-block-landscape-intermediate":false,"newspack-article-block-portrait-intermediate":false,"newspack-article-block-square-intermediate":false,"newspack-article-block-landscape-small":false,"newspack-article-block-portrait-small":false,"newspack-article-block-square-small":false,"newspack-article-block-landscape-tiny":false,"newspack-article-block-portrait-tiny":false,"newspack-article-block-square-tiny":false,"newspack-article-block-uncropped":false,"neve-blog":false},"uagb_author_info":{"display_name":"daryltanis7","author_link":"https:\/\/sallemajesteuse.com\/fr\/author\/daryltanis7\/"},"uagb_comment_info":0,"uagb_excerpt":"Nos installations Bienvenue \u00e0 la premi\u00e8re destination pour vos \u00e9v\u00e9nements \u00e0 Yaound\u00e9, Cameroun &#8211; Salle Majesteuse. Nos installations sont con\u00e7ues dans un esprit de sophistication et de polyvalence, afin que chaque occasion, des r\u00e9unions les plus intimes aux grandes c\u00e9l\u00e9brations, soit tout simplement majestueuse. Salle principale Capacit\u00e9 d&rsquo;accueil : Le b\u00e2timent peut accueillir confortablement jusqu&rsquo;\u00e0&hellip;&nbsp;Lire\u2026","jetpack_likes_enabled":true,"jetpack_sharing_enabled":true,"jetpack_shortlink":"https:\/\/wp.me\/PfEGRf-CH","jetpack-related-posts":[],"_links":{"self":[{"href":"https:\/\/sallemajesteuse.com\/fr\/wp-json\/wp\/v2\/pages\/2399","targetHints":{"allow":["GET"]}}],"collection":[{"href":"https:\/\/sallemajesteuse.com\/fr\/wp-json\/wp\/v2\/pages"}],"about":[{"href":"https:\/\/sallemajesteuse.com\/fr\/wp-json\/wp\/v2\/types\/page"}],"author":[{"embeddable":true,"href":"https:\/\/sallemajesteuse.com\/fr\/wp-json\/wp\/v2\/users\/248535071"}],"replies":[{"embeddable":true,"href":"https:\/\/sallemajesteuse.com\/fr\/wp-json\/wp\/v2\/comments?post=2399"}],"version-history":[{"count":6,"href":"https:\/\/sallemajesteuse.com\/fr\/wp-json\/wp\/v2\/pages\/2399\/revisions"}],"predecessor-version":[{"id":3591,"href":"https:\/\/sallemajesteuse.com\/fr\/wp-json\/wp\/v2\/pages\/2399\/revisions\/3591"}],"wp:attachment":[{"href":"https:\/\/sallemajesteuse.com\/fr\/wp-json\/wp\/v2\/media?parent=2399"}],"curies":[{"name":"wp","href":"https:\/\/api.w.org\/{rel}","templated":true}]}}